{"id":6707,"date":"2020-10-20T20:57:05","date_gmt":"2020-10-20T20:57:05","guid":{"rendered":"https:\/\/kavera.lt\/es-projektai\/"},"modified":"2025-02-15T11:49:05","modified_gmt":"2025-02-15T11:49:05","slug":"es-projektai","status":"publish","type":"page","link":"https:\/\/kavera.lt\/de\/es-projektai\/","title":{"rendered":"EU Projects"},"content":{"rendered":"[vc_row type=&#8220;in_container&#8220; full_screen_row_position=&#8220;middle&#8220; column_margin=&#8220;default&#8220; column_direction=&#8220;default&#8220; column_direction_tablet=&#8220;default&#8220; column_direction_phone=&#8220;default&#8220; scene_position=&#8220;center&#8220; top_padding=&#8220;5%&#8220; bottom_padding=&#8220;5%&#8220; text_color=&#8220;dark&#8220; text_align=&#8220;left&#8220; row_border_radius=&#8220;none&#8220; row_border_radius_applies=&#8220;bg&#8220; overlay_strength=&#8220;0.3&#8243; gradient_direction=&#8220;left_to_right&#8220; shape_divider_position=&#8220;bottom&#8220; bg_image_animation=&#8220;none&#8220; shape_type=&#8220;&#8220;][vc_column column_padding=&#8220;no-extra-padding&#8220; column_padding_tablet=&#8220;inherit&#8220; column_padding_phone=&#8220;inherit&#8220; column_padding_position=&#8220;all&#8220; background_color_opacity=&#8220;1&#8243; background_hover_color_opacity=&#8220;1&#8243; column_shadow=&#8220;none&#8220; column_border_radius=&#8220;none&#8220; column_link_target=&#8220;_self&#8220; gradient_direction=&#8220;left_to_right&#8220; overlay_strength=&#8220;0.3&#8243; width=&#8220;1\/1&#8243; tablet_width_inherit=&#8220;default&#8220; tablet_text_alignment=&#8220;default&#8220; phone_text_alignment=&#8220;default&#8220; column_border_width=&#8220;none&#8220; column_border_style=&#8220;solid&#8220; bg_image_animation=&#8220;none&#8220;][vc_column_text]\n<h2><strong>Projekt \u201eModernisierung der Gesch\u00e4ftsprozesse von Kavera UAB\u201c <\/strong><\/h2>\n<p>UAB KAVERA ist auf die pr\u00e4zise Metallbearbeitung spezialisiert. Dies umfasst die Bearbeitung von Metall mit CNC-Maschinen, das Drehen und Bohren von Komponenten bis zu einem Durchmesser von 400 mm und einer L\u00e4nge von 1000 mm. Das Unternehmen liefert seine Produkte nicht nur an den litauischen Markt, sondern exportiert auch nach Deutschland, Finnland, Schweden und Lettland. Im Unternehmen arbeiten professionelle Spezialisten.<\/p>\n<p>Ein Ziel von UAB \u201eKavera\u201c ist es, sich kontinuierlich zu verbessern und moderne Technologien zu implementieren, um die Effizienz der Unternehmensprozesse zu f\u00f6rdern. Um die Gesch\u00e4ftsabl\u00e4ufe weiter zu optimieren, entschloss sich das Unternehmen, ein Gesch\u00e4ftsverwaltungssystem einzuf\u00fchren. Da diese Investitionen recht hoch sind, wurde ein Antrag auf EU-Finanzhilfe gestellt. Nach der Bewertung des Projektnutzens wurde eine Finanzierung aus dem Europ\u00e4ischen Fonds f\u00fcr Regionale Entwicklung im Rahmen des Investitionsaktionsprogramms der Europ\u00e4ischen Union 2014-2020, Priorit\u00e4t 3 \u201eF\u00f6rderung der Wettbewerbsf\u00e4higkeit von kleinen und mittelst\u00e4ndischen Unternehmen\u201c, Ma\u00dfnahme Nr. 03.3.1-LVPA-K-806 \u201eE-Business LT\u201c gew\u00e4hrt. W\u00e4hrend der Umsetzung des Projekts wurden die Hauptgesch\u00e4ftsprozesse des Unternehmens modernisiert. Die Automatisierung der Produktionsprozesse trug dazu bei, die Ressourcen des Unternehmens effizienter zu nutzen.[\/vc_column_text][vc_row_inner equal_height=&#8220;yes&#8220; content_placement=&#8220;middle&#8220; column_margin=&#8220;default&#8220; column_direction=&#8220;default&#8220; column_direction_tablet=&#8220;default&#8220; column_direction_phone=&#8220;default&#8220; top_padding=&#8220;60px&#8220; text_align=&#8220;left&#8220;][vc_column_inner column_padding=&#8220;no-extra-padding&#8220; column_padding_tablet=&#8220;inherit&#8220; column_padding_phone=&#8220;inherit&#8220; column_padding_position=&#8220;all&#8220; background_color_opacity=&#8220;1&#8243; background_hover_color_opacity=&#8220;1&#8243; column_shadow=&#8220;none&#8220; column_border_radius=&#8220;none&#8220; column_link_target=&#8220;_self&#8220; gradient_direction=&#8220;left_to_right&#8220; overlay_strength=&#8220;0.3&#8243; width=&#8220;1\/2&#8243; tablet_width_inherit=&#8220;default&#8220; column_border_width=&#8220;none&#8220; column_border_style=&#8220;solid&#8220; bg_image_animation=&#8220;none&#8220;][vc_column_text]<strong>Daten zum Projekt:<\/strong><br \/>\nProjektnummer: Nr. 03.3.1-LVPA-K-806-01-0309<br \/>\nProjektname: Modernisierung der Gesch\u00e4ftsprozesse der UAB \u201cKavera\u201d<br \/>\nDie Ma\u00dfnahme entspricht der Priorit\u00e4t 3 des Investitionsaktionsprogramms der Europ\u00e4ischen Union 2014-2020 \u201eF\u00f6rderung der Wettbewerbsf\u00e4higkeit von kleinen und mittelst\u00e4ndischen Unternehmen\u201c.<br \/>\nMa\u00dfnahme Nr. 03.3.1-LVPA-K-806 \u201eE-verslas LT\u201c<br \/>\nDauer der Projektumsetzung: vom 04.04.2016 bis zum 29.09.2017<br \/>\nZugewiesene F\u00f6rdersumme: 14.873,00 EUR[\/vc_column_text][\/vc_column_inner][vc_column_inner column_padding=&#8220;no-extra-padding&#8220; column_padding_tablet=&#8220;inherit&#8220; column_padding_phone=&#8220;inherit&#8220; column_padding_position=&#8220;all&#8220; centered_text=&#8220;true&#8220; background_color_opacity=&#8220;1&#8243; background_hover_color_opacity=&#8220;1&#8243; column_shadow=&#8220;none&#8220; column_border_radius=&#8220;none&#8220; column_link_target=&#8220;_self&#8220; gradient_direction=&#8220;left_to_right&#8220; overlay_strength=&#8220;0.3&#8243; width=&#8220;1\/2&#8243; tablet_width_inherit=&#8220;default&#8220; column_border_width=&#8220;none&#8220; column_border_style=&#8220;solid&#8220; bg_image_animation=&#8220;none&#8220;][image_with_animation image_url=&#8220;6457&#8243; animation=&#8220;Fade In&#8220; hover_animation=&#8220;none&#8220; alignment=&#8220;center&#8220; border_radius=&#8220;none&#8220; box_shadow=&#8220;none&#8220; image_loading=&#8220;default&#8220; max_width=&#8220;50%&#8220; max_width_mobile=&#8220;default&#8220;][\/vc_column_inner][\/vc_row_inner][\/vc_column][\/vc_row]\n","protected":false},"excerpt":{"rendered":"<p>[vc_row type=&#8220;in_container&#8220; full_screen_row_position=&#8220;middle&#8220; column_margin=&#8220;default&#8220; column_direction=&#8220;default&#8220; column_direction_tablet=&#8220;default&#8220; column_direction_phone=&#8220;default&#8220; scene_position=&#8220;center&#8220; top_padding=&#8220;5%&#8220; bottom_padding=&#8220;5%&#8220; text_color=&#8220;dark&#8220; text_align=&#8220;left&#8220; row_border_radius=&#8220;none&#8220; row_border_radius_applies=&#8220;bg&#8220; overlay_strength=&#8220;0.3&#8243;&#8230;<\/p>\n","protected":false},"author":2,"featured_media":0,"parent":0,"menu_order":0,"comment_status":"closed","ping_status":"closed","template":"","meta":{"footnotes":""},"class_list":["post-6707","page","type-page","status-publish"],"yoast_head":"<!-- This site is optimized with the Yoast SEO plugin v26.8 - https:\/\/yoast.com\/product\/yoast-seo-wordpress\/ -->\n<title>EU Projects - Kavera.lt<\/title>\n<meta name=\"description\" content=\"UAB Kavera specializes in the field of precision metal processing, parts up to 400 mm in diameter and 1000 mm in length.\" \/>\n<meta name=\"robots\" content=\"index, follow, max-snippet:-1, max-image-preview:large, max-video-preview:-1\" \/>\n<link rel=\"canonical\" href=\"https:\/\/kavera.lt\/de\/es-projektai\/\" \/>\n<meta property=\"og:locale\" content=\"de_DE\" \/>\n<meta property=\"og:type\" content=\"article\" \/>\n<meta property=\"og:title\" content=\"EU Projects - Kavera.lt\" \/>\n<meta property=\"og:description\" content=\"UAB Kavera specializes in the field of precision metal processing, parts up to 400 mm in diameter and 1000 mm in length.\" \/>\n<meta property=\"og:url\" content=\"https:\/\/kavera.lt\/de\/es-projektai\/\" \/>\n<meta property=\"og:site_name\" content=\"Kavera.lt\" \/>\n<meta property=\"article:modified_time\" content=\"2025-02-15T11:49:05+00:00\" \/>\n<meta name=\"twitter:card\" content=\"summary_large_image\" \/>\n<meta name=\"twitter:label1\" content=\"Gesch\u00e4tzte Lesezeit\" \/>\n\t<meta name=\"twitter:data1\" content=\"2\u00a0Minuten\" \/>\n<script type=\"application\/ld+json\" class=\"yoast-schema-graph\">{\"@context\":\"https:\/\/schema.org\",\"@graph\":[{\"@type\":\"WebPage\",\"@id\":\"https:\/\/kavera.lt\/de\/es-projektai\/\",\"url\":\"https:\/\/kavera.lt\/de\/es-projektai\/\",\"name\":\"EU Projects - Kavera.lt\",\"isPartOf\":{\"@id\":\"https:\/\/kavera.lt\/#website\"},\"datePublished\":\"2020-10-20T20:57:05+00:00\",\"dateModified\":\"2025-02-15T11:49:05+00:00\",\"description\":\"UAB Kavera specializes in the field of precision metal processing, parts up to 400 mm in diameter and 1000 mm in length.\",\"breadcrumb\":{\"@id\":\"https:\/\/kavera.lt\/de\/es-projektai\/#breadcrumb\"},\"inLanguage\":\"de\",\"potentialAction\":[{\"@type\":\"ReadAction\",\"target\":[\"https:\/\/kavera.lt\/de\/es-projektai\/\"]}]},{\"@type\":\"BreadcrumbList\",\"@id\":\"https:\/\/kavera.lt\/de\/es-projektai\/#breadcrumb\",\"itemListElement\":[{\"@type\":\"ListItem\",\"position\":1,\"name\":\"Home\",\"item\":\"https:\/\/kavera.lt\/de\/\"},{\"@type\":\"ListItem\",\"position\":2,\"name\":\"EU Projects\"}]},{\"@type\":\"WebSite\",\"@id\":\"https:\/\/kavera.lt\/#website\",\"url\":\"https:\/\/kavera.lt\/\",\"name\":\"Kavera.lt\",\"description\":\"Tekinimas, frezavimas, gr\u0119\u017eimas programinio valdymo stakl\u0117mis\",\"potentialAction\":[{\"@type\":\"SearchAction\",\"target\":{\"@type\":\"EntryPoint\",\"urlTemplate\":\"https:\/\/kavera.lt\/?s={search_term_string}\"},\"query-input\":{\"@type\":\"PropertyValueSpecification\",\"valueRequired\":true,\"valueName\":\"search_term_string\"}}],\"inLanguage\":\"de\"}]}<\/script>\n<!-- \/ Yoast SEO plugin. -->","yoast_head_json":{"title":"EU Projects - Kavera.lt","description":"UAB Kavera specializes in the field of precision metal processing, parts up to 400 mm in diameter and 1000 mm in length.","robots":{"index":"index","follow":"follow","max-snippet":"max-snippet:-1","max-image-preview":"max-image-preview:large","max-video-preview":"max-video-preview:-1"},"canonical":"https:\/\/kavera.lt\/de\/es-projektai\/","og_locale":"de_DE","og_type":"article","og_title":"EU Projects - Kavera.lt","og_description":"UAB Kavera specializes in the field of precision metal processing, parts up to 400 mm in diameter and 1000 mm in length.","og_url":"https:\/\/kavera.lt\/de\/es-projektai\/","og_site_name":"Kavera.lt","article_modified_time":"2025-02-15T11:49:05+00:00","twitter_card":"summary_large_image","twitter_misc":{"Gesch\u00e4tzte Lesezeit":"2\u00a0Minuten"},"schema":{"@context":"https:\/\/schema.org","@graph":[{"@type":"WebPage","@id":"https:\/\/kavera.lt\/de\/es-projektai\/","url":"https:\/\/kavera.lt\/de\/es-projektai\/","name":"EU Projects - Kavera.lt","isPartOf":{"@id":"https:\/\/kavera.lt\/#website"},"datePublished":"2020-10-20T20:57:05+00:00","dateModified":"2025-02-15T11:49:05+00:00","description":"UAB Kavera specializes in the field of precision metal processing, parts up to 400 mm in diameter and 1000 mm in length.","breadcrumb":{"@id":"https:\/\/kavera.lt\/de\/es-projektai\/#breadcrumb"},"inLanguage":"de","potentialAction":[{"@type":"ReadAction","target":["https:\/\/kavera.lt\/de\/es-projektai\/"]}]},{"@type":"BreadcrumbList","@id":"https:\/\/kavera.lt\/de\/es-projektai\/#breadcrumb","itemListElement":[{"@type":"ListItem","position":1,"name":"Home","item":"https:\/\/kavera.lt\/de\/"},{"@type":"ListItem","position":2,"name":"EU Projects"}]},{"@type":"WebSite","@id":"https:\/\/kavera.lt\/#website","url":"https:\/\/kavera.lt\/","name":"Kavera.lt","description":"Tekinimas, frezavimas, gr\u0119\u017eimas programinio valdymo stakl\u0117mis","potentialAction":[{"@type":"SearchAction","target":{"@type":"EntryPoint","urlTemplate":"https:\/\/kavera.lt\/?s={search_term_string}"},"query-input":{"@type":"PropertyValueSpecification","valueRequired":true,"valueName":"search_term_string"}}],"inLanguage":"de"}]}},"_links":{"self":[{"href":"https:\/\/kavera.lt\/de\/wp-json\/wp\/v2\/pages\/6707","targetHints":{"allow":["GET"]}}],"collection":[{"href":"https:\/\/kavera.lt\/de\/wp-json\/wp\/v2\/pages"}],"about":[{"href":"https:\/\/kavera.lt\/de\/wp-json\/wp\/v2\/types\/page"}],"author":[{"embeddable":true,"href":"https:\/\/kavera.lt\/de\/wp-json\/wp\/v2\/users\/2"}],"replies":[{"embeddable":true,"href":"https:\/\/kavera.lt\/de\/wp-json\/wp\/v2\/comments?post=6707"}],"version-history":[{"count":1,"href":"https:\/\/kavera.lt\/de\/wp-json\/wp\/v2\/pages\/6707\/revisions"}],"predecessor-version":[{"id":6721,"href":"https:\/\/kavera.lt\/de\/wp-json\/wp\/v2\/pages\/6707\/revisions\/6721"}],"wp:attachment":[{"href":"https:\/\/kavera.lt\/de\/wp-json\/wp\/v2\/media?parent=6707"}],"curies":[{"name":"wp","href":"https:\/\/api.w.org\/{rel}","templated":true}]}}