{"id":6709,"date":"2020-10-20T20:57:05","date_gmt":"2020-10-20T20:57:05","guid":{"rendered":"https:\/\/kavera.lt\/es-projektai\/"},"modified":"2025-02-15T11:51:10","modified_gmt":"2025-02-15T11:51:10","slug":"es-projektai","status":"publish","type":"page","link":"https:\/\/kavera.lt\/sv\/es-projektai\/","title":{"rendered":"EU Projects"},"content":{"rendered":"[vc_row type=&#8221;in_container&#8221; full_screen_row_position=&#8221;middle&#8221; column_margin=&#8221;default&#8221; column_direction=&#8221;default&#8221; column_direction_tablet=&#8221;default&#8221; column_direction_phone=&#8221;default&#8221; scene_position=&#8221;center&#8221; top_padding=&#8221;5%&#8221; bottom_padding=&#8221;5%&#8221; text_color=&#8221;dark&#8221; text_align=&#8221;left&#8221; row_border_radius=&#8221;none&#8221; row_border_radius_applies=&#8221;bg&#8221; overlay_strength=&#8221;0.3&#8243; gradient_direction=&#8221;left_to_right&#8221; shape_divider_position=&#8221;bottom&#8221; bg_image_animation=&#8221;none&#8221; shape_type=&#8221;&#8221;][vc_column column_padding=&#8221;no-extra-padding&#8221; column_padding_tablet=&#8221;inherit&#8221; column_padding_phone=&#8221;inherit&#8221; column_padding_position=&#8221;all&#8221; background_color_opacity=&#8221;1&#8243; background_hover_color_opacity=&#8221;1&#8243; column_shadow=&#8221;none&#8221; column_border_radius=&#8221;none&#8221; column_link_target=&#8221;_self&#8221; gradient_direction=&#8221;left_to_right&#8221; overlay_strength=&#8221;0.3&#8243; width=&#8221;1\/1&#8243; tablet_width_inherit=&#8221;default&#8221; tablet_text_alignment=&#8221;default&#8221; phone_text_alignment=&#8221;default&#8221; column_border_width=&#8221;none&#8221; column_border_style=&#8221;solid&#8221; bg_image_animation=&#8221;none&#8221;][vc_column_text]\n<h2><strong>Projekt \u201dModernisering av aff\u00e4rsprocesserna f\u00f6r Kavera UAB\u201d<\/strong><\/h2>\n<p>UAB KAVERA \u00e4r specialiserat inom precisionsmetallbearbetning. Detta inneb\u00e4r metallbearbetning med CNC-maskiner, svarvning och borrning av komponenter upp till 400 mm i diameter och 1000 mm i l\u00e4ngd. F\u00f6retaget levererar sina produkter inte bara till den litauiska marknaden, utan exporterar \u00e4ven till Tyskland, Finland, Sverige och Lettland. Professionella specialister arbetar p\u00e5 f\u00f6retaget.<\/p>\n<p>Ett av m\u00e5len f\u00f6r UAB \u201cKavera\u201d \u00e4r att st\u00e4ndigt f\u00f6rb\u00e4ttra och implementera moderna teknologier f\u00f6r att fr\u00e4mja effektiviteten i f\u00f6retagets arbetsprocesser. F\u00f6r att \u00f6ka f\u00f6retagets aff\u00e4rseffektivitet beslutade f\u00f6retaget att implementera ett aff\u00e4rsstyrningssystem. Eftersom dessa investeringar \u00e4r ganska stora, l\u00e4mnades en ans\u00f6kan om EU-finansiering. Efter att ha utv\u00e4rderat projektets f\u00f6rdelar beviljades finansiering fr\u00e5n den Europeiska regionala utvecklingsfonden under investerings\u00e5tg\u00e4rdsprogrammet f\u00f6r Europeiska Unionens fonder 2014-2020, prioritet 3 \u201cFr\u00e4mjande av konkurrenskraften hos sm\u00e5 och medelstora f\u00f6retag\u201d, \u00e5tg\u00e4rd nr. 03.3.1-LVPA-K-806 \u201cE-Business LT\u201d. Under projektets genomf\u00f6rande moderniserades f\u00f6retagets huvudsakliga operativa processer. Automatiseringen av produktionsprocesserna hj\u00e4lpte till att anv\u00e4nda f\u00f6retagets resurser mer effektivt.[\/vc_column_text][vc_row_inner equal_height=&#8221;yes&#8221; content_placement=&#8221;middle&#8221; column_margin=&#8221;default&#8221; column_direction=&#8221;default&#8221; column_direction_tablet=&#8221;default&#8221; column_direction_phone=&#8221;default&#8221; top_padding=&#8221;60px&#8221; text_align=&#8221;left&#8221;][vc_column_inner column_padding=&#8221;no-extra-padding&#8221; column_padding_tablet=&#8221;inherit&#8221; column_padding_phone=&#8221;inherit&#8221; column_padding_position=&#8221;all&#8221; background_color_opacity=&#8221;1&#8243; background_hover_color_opacity=&#8221;1&#8243; column_shadow=&#8221;none&#8221; column_border_radius=&#8221;none&#8221; column_link_target=&#8221;_self&#8221; gradient_direction=&#8221;left_to_right&#8221; overlay_strength=&#8221;0.3&#8243; width=&#8221;1\/2&#8243; tablet_width_inherit=&#8221;default&#8221; column_border_width=&#8221;none&#8221; column_border_style=&#8221;solid&#8221; bg_image_animation=&#8221;none&#8221;][vc_column_text]<strong>DATA OM PROJEKTET:<\/strong><br \/>\nProjekt nummer: Nr. 03.3.1-LVPA-K-806-01-0309<br \/>\nProjekt namn: Modernisering av aff\u00e4rsprocesserna f\u00f6r UAB \u201cKavera\u201d<br \/>\n\u00c5tg\u00e4rden \u00f6verensst\u00e4mmer med prioritet 3 i det europeiska investeringsprogrammet f\u00f6r fonder 2014-2020 \u201cFr\u00e4mjande av konkurrenskraften hos sm\u00e5 och medelstora f\u00f6retag\u201d.<br \/>\n\u00c5tg\u00e4rd nr. 03.3.1-LVPA-K-806 \u201cE-verslas LT\u201d<br \/>\nVaraktighet f\u00f6r genomf\u00f6rande av projektaktiviteter: fr\u00e5n 04-04-2016 till 29-09-2017<br \/>\nTilldelat finansieringsbelopp: 14 873,00 EUR[\/vc_column_text][\/vc_column_inner][vc_column_inner column_padding=&#8221;no-extra-padding&#8221; column_padding_tablet=&#8221;inherit&#8221; column_padding_phone=&#8221;inherit&#8221; column_padding_position=&#8221;all&#8221; centered_text=&#8221;true&#8221; background_color_opacity=&#8221;1&#8243; background_hover_color_opacity=&#8221;1&#8243; column_shadow=&#8221;none&#8221; column_border_radius=&#8221;none&#8221; column_link_target=&#8221;_self&#8221; gradient_direction=&#8221;left_to_right&#8221; overlay_strength=&#8221;0.3&#8243; width=&#8221;1\/2&#8243; tablet_width_inherit=&#8221;default&#8221; column_border_width=&#8221;none&#8221; column_border_style=&#8221;solid&#8221; bg_image_animation=&#8221;none&#8221;][image_with_animation image_url=&#8221;6457&#8243; animation=&#8221;Fade In&#8221; hover_animation=&#8221;none&#8221; alignment=&#8221;center&#8221; border_radius=&#8221;none&#8221; box_shadow=&#8221;none&#8221; image_loading=&#8221;default&#8221; max_width=&#8221;50%&#8221; max_width_mobile=&#8221;default&#8221;][\/vc_column_inner][\/vc_row_inner][\/vc_column][\/vc_row]\n","protected":false},"excerpt":{"rendered":"<p>[vc_row type=&#8221;in_container&#8221; full_screen_row_position=&#8221;middle&#8221; column_margin=&#8221;default&#8221; column_direction=&#8221;default&#8221; column_direction_tablet=&#8221;default&#8221; column_direction_phone=&#8221;default&#8221; scene_position=&#8221;center&#8221; top_padding=&#8221;5%&#8221; bottom_padding=&#8221;5%&#8221; text_color=&#8221;dark&#8221; text_align=&#8221;left&#8221; row_border_radius=&#8221;none&#8221; row_border_radius_applies=&#8221;bg&#8221; overlay_strength=&#8221;0.3&#8243;&#8230;<\/p>\n","protected":false},"author":2,"featured_media":0,"parent":0,"menu_order":0,"comment_status":"closed","ping_status":"closed","template":"","meta":{"footnotes":""},"class_list":["post-6709","page","type-page","status-publish"],"yoast_head":"<!-- This site is optimized with the Yoast SEO plugin v26.8 - https:\/\/yoast.com\/product\/yoast-seo-wordpress\/ -->\n<title>EU Projects - Kavera.lt<\/title>\n<meta name=\"description\" content=\"UAB Kavera specializes in the field of precision metal processing, parts up to 400 mm in diameter and 1000 mm in length.\" \/>\n<meta name=\"robots\" content=\"index, follow, max-snippet:-1, max-image-preview:large, max-video-preview:-1\" \/>\n<link rel=\"canonical\" href=\"https:\/\/kavera.lt\/sv\/es-projektai\/\" \/>\n<meta property=\"og:locale\" content=\"sv_SE\" \/>\n<meta property=\"og:type\" content=\"article\" \/>\n<meta property=\"og:title\" content=\"EU Projects - Kavera.lt\" \/>\n<meta property=\"og:description\" content=\"UAB Kavera specializes in the field of precision metal processing, parts up to 400 mm in diameter and 1000 mm in length.\" \/>\n<meta property=\"og:url\" content=\"https:\/\/kavera.lt\/sv\/es-projektai\/\" \/>\n<meta property=\"og:site_name\" content=\"Kavera.lt\" \/>\n<meta property=\"article:modified_time\" content=\"2025-02-15T11:51:10+00:00\" \/>\n<meta name=\"twitter:card\" content=\"summary_large_image\" \/>\n<meta name=\"twitter:label1\" content=\"Ber\u00e4knad l\u00e4stid\" \/>\n\t<meta name=\"twitter:data1\" content=\"3 minuter\" \/>\n<script type=\"application\/ld+json\" class=\"yoast-schema-graph\">{\"@context\":\"https:\/\/schema.org\",\"@graph\":[{\"@type\":\"WebPage\",\"@id\":\"https:\/\/kavera.lt\/sv\/es-projektai\/\",\"url\":\"https:\/\/kavera.lt\/sv\/es-projektai\/\",\"name\":\"EU Projects - Kavera.lt\",\"isPartOf\":{\"@id\":\"https:\/\/kavera.lt\/#website\"},\"datePublished\":\"2020-10-20T20:57:05+00:00\",\"dateModified\":\"2025-02-15T11:51:10+00:00\",\"description\":\"UAB Kavera specializes in the field of precision metal processing, parts up to 400 mm in diameter and 1000 mm in length.\",\"breadcrumb\":{\"@id\":\"https:\/\/kavera.lt\/sv\/es-projektai\/#breadcrumb\"},\"inLanguage\":\"sv-SE\",\"potentialAction\":[{\"@type\":\"ReadAction\",\"target\":[\"https:\/\/kavera.lt\/sv\/es-projektai\/\"]}]},{\"@type\":\"BreadcrumbList\",\"@id\":\"https:\/\/kavera.lt\/sv\/es-projektai\/#breadcrumb\",\"itemListElement\":[{\"@type\":\"ListItem\",\"position\":1,\"name\":\"Home\",\"item\":\"https:\/\/kavera.lt\/sv\/\"},{\"@type\":\"ListItem\",\"position\":2,\"name\":\"EU Projects\"}]},{\"@type\":\"WebSite\",\"@id\":\"https:\/\/kavera.lt\/#website\",\"url\":\"https:\/\/kavera.lt\/\",\"name\":\"Kavera.lt\",\"description\":\"Tekinimas, frezavimas, gr\u0119\u017eimas programinio valdymo stakl\u0117mis\",\"potentialAction\":[{\"@type\":\"SearchAction\",\"target\":{\"@type\":\"EntryPoint\",\"urlTemplate\":\"https:\/\/kavera.lt\/?s={search_term_string}\"},\"query-input\":{\"@type\":\"PropertyValueSpecification\",\"valueRequired\":true,\"valueName\":\"search_term_string\"}}],\"inLanguage\":\"sv-SE\"}]}<\/script>\n<!-- \/ Yoast SEO plugin. -->","yoast_head_json":{"title":"EU Projects - Kavera.lt","description":"UAB Kavera specializes in the field of precision metal processing, parts up to 400 mm in diameter and 1000 mm in length.","robots":{"index":"index","follow":"follow","max-snippet":"max-snippet:-1","max-image-preview":"max-image-preview:large","max-video-preview":"max-video-preview:-1"},"canonical":"https:\/\/kavera.lt\/sv\/es-projektai\/","og_locale":"sv_SE","og_type":"article","og_title":"EU Projects - Kavera.lt","og_description":"UAB Kavera specializes in the field of precision metal processing, parts up to 400 mm in diameter and 1000 mm in length.","og_url":"https:\/\/kavera.lt\/sv\/es-projektai\/","og_site_name":"Kavera.lt","article_modified_time":"2025-02-15T11:51:10+00:00","twitter_card":"summary_large_image","twitter_misc":{"Ber\u00e4knad l\u00e4stid":"3 minuter"},"schema":{"@context":"https:\/\/schema.org","@graph":[{"@type":"WebPage","@id":"https:\/\/kavera.lt\/sv\/es-projektai\/","url":"https:\/\/kavera.lt\/sv\/es-projektai\/","name":"EU Projects - Kavera.lt","isPartOf":{"@id":"https:\/\/kavera.lt\/#website"},"datePublished":"2020-10-20T20:57:05+00:00","dateModified":"2025-02-15T11:51:10+00:00","description":"UAB Kavera specializes in the field of precision metal processing, parts up to 400 mm in diameter and 1000 mm in length.","breadcrumb":{"@id":"https:\/\/kavera.lt\/sv\/es-projektai\/#breadcrumb"},"inLanguage":"sv-SE","potentialAction":[{"@type":"ReadAction","target":["https:\/\/kavera.lt\/sv\/es-projektai\/"]}]},{"@type":"BreadcrumbList","@id":"https:\/\/kavera.lt\/sv\/es-projektai\/#breadcrumb","itemListElement":[{"@type":"ListItem","position":1,"name":"Home","item":"https:\/\/kavera.lt\/sv\/"},{"@type":"ListItem","position":2,"name":"EU Projects"}]},{"@type":"WebSite","@id":"https:\/\/kavera.lt\/#website","url":"https:\/\/kavera.lt\/","name":"Kavera.lt","description":"Tekinimas, frezavimas, gr\u0119\u017eimas programinio valdymo stakl\u0117mis","potentialAction":[{"@type":"SearchAction","target":{"@type":"EntryPoint","urlTemplate":"https:\/\/kavera.lt\/?s={search_term_string}"},"query-input":{"@type":"PropertyValueSpecification","valueRequired":true,"valueName":"search_term_string"}}],"inLanguage":"sv-SE"}]}},"_links":{"self":[{"href":"https:\/\/kavera.lt\/sv\/wp-json\/wp\/v2\/pages\/6709","targetHints":{"allow":["GET"]}}],"collection":[{"href":"https:\/\/kavera.lt\/sv\/wp-json\/wp\/v2\/pages"}],"about":[{"href":"https:\/\/kavera.lt\/sv\/wp-json\/wp\/v2\/types\/page"}],"author":[{"embeddable":true,"href":"https:\/\/kavera.lt\/sv\/wp-json\/wp\/v2\/users\/2"}],"replies":[{"embeddable":true,"href":"https:\/\/kavera.lt\/sv\/wp-json\/wp\/v2\/comments?post=6709"}],"version-history":[{"count":1,"href":"https:\/\/kavera.lt\/sv\/wp-json\/wp\/v2\/pages\/6709\/revisions"}],"predecessor-version":[{"id":6722,"href":"https:\/\/kavera.lt\/sv\/wp-json\/wp\/v2\/pages\/6709\/revisions\/6722"}],"wp:attachment":[{"href":"https:\/\/kavera.lt\/sv\/wp-json\/wp\/v2\/media?parent=6709"}],"curies":[{"name":"wp","href":"https:\/\/api.w.org\/{rel}","templated":true}]}}